{"id":8525,"date":"2026-05-04T13:52:32","date_gmt":"2026-05-04T13:52:32","guid":{"rendered":"https:\/\/onlyhealth-insurance.com\/contact-2\/"},"modified":"2026-05-07T12:09:20","modified_gmt":"2026-05-07T12:09:20","slug":"contact","status":"publish","type":"page","link":"https:\/\/onlyhealth-insurance.com\/fr\/contact\/","title":{"rendered":"Contact"},"content":{"rendered":"\t\t<div data-elementor-type=\"wp-page\" data-elementor-id=\"8525\" class=\"elementor elementor-8525 elementor-8493\" data-elementor-post-type=\"page\">\n\t\t\t\t<div class=\"elementor-element elementor-element-4fd1d55 e-con-full animated-slow e-flex elementor-invisible e-con e-parent\" data-id=\"4fd1d55\" data-element_type=\"container\" data-e-type=\"container\" data-settings=\"{&quot;background_background&quot;:&quot;classic&quot;,&quot;animation&quot;:&quot;fadeIn&quot;}\">\n\t\t<div class=\"elementor-element elementor-element-80e113f e-con-full e-flex e-con e-child\" data-id=\"80e113f\" data-element_type=\"container\" data-e-type=\"container\">\n\t\t\t\t<div class=\"elementor-element elementor-element-af3229a elementor-widget elementor-widget-heading\" data-id=\"af3229a\" data-element_type=\"widget\" data-e-type=\"widget\" data-widget_type=\"heading.default\">\n\t\t\t\t\t<h1 class=\"elementor-heading-title elementor-size-default\">Des questions ?<\/h1>\t\t\t\t<\/div>\n\t\t\t\t<div class=\"elementor-element elementor-element-4541c4d elementor-widget elementor-widget-heading\" data-id=\"4541c4d\" data-element_type=\"widget\" data-e-type=\"widget\" data-widget_type=\"heading.default\">\n\t\t\t\t\t<h2 class=\"elementor-heading-title elementor-size-default\">Contactez-nous<\/h2>\t\t\t\t<\/div>\n\t\t\t\t<div class=\"elementor-element elementor-element-75be0a4 elementor-widget elementor-widget-text-editor\" data-id=\"75be0a4\" data-element_type=\"widget\" data-e-type=\"widget\" data-widget_type=\"text-editor.default\">\n\t\t\t\t\t\t\t\t\t<p>Vous pouvez nous joindre par t\u00e9l\u00e9phone, e-mail ou via notre formulaire en ligne. Notre \u00e9quipe est l\u00e0 pour vous aider, o\u00f9 que vous soyez dans le monde.<\/p>\t\t\t\t\t\t\t\t<\/div>\n\t\t<div class=\"elementor-element elementor-element-f1eb0d3 e-con-full e-flex e-con e-child\" data-id=\"f1eb0d3\" data-element_type=\"container\" data-e-type=\"container\">\n\t\t\t\t<div class=\"elementor-element elementor-element-d02e5aa elementor-widget elementor-widget-text-editor\" data-id=\"d02e5aa\" data-element_type=\"widget\" data-e-type=\"widget\" data-widget_type=\"text-editor.default\">\n\t\t\t\t\t\t\t\t\t<p>Claude Feidt<\/p>\t\t\t\t\t\t\t\t<\/div>\n\t\t\t\t<div class=\"elementor-element elementor-element-6074988 elementor-widget elementor-widget-text-editor\" data-id=\"6074988\" data-element_type=\"widget\" data-e-type=\"widget\" data-widget_type=\"text-editor.default\">\n\t\t\t\t\t\t\t\t\t<p>Directeur Client\u00e8le, OnlyHealth<\/p>\t\t\t\t\t\t\t\t<\/div>\n\t\t\t\t<\/div>\n\t\t\t\t<div class=\"elementor-element elementor-element-ecd6ceb elementor-icon-list--layout-traditional elementor-list-item-link-full_width elementor-widget elementor-widget-icon-list\" data-id=\"ecd6ceb\" data-element_type=\"widget\" data-e-type=\"widget\" data-widget_type=\"icon-list.default\">\n\t\t\t\t\t\t\t<ul class=\"elementor-icon-list-items\">\n\t\t\t\t\t\t\t<li class=\"elementor-icon-list-item\">\n\t\t\t\t\t\t\t\t\t\t\t<a href=\"\">\n\n\t\t\t\t\t\t\t\t\t\t\t\t<span class=\"elementor-icon-list-icon\">\n\t\t\t\t\t\t\t<svg aria-hidden=\"true\" class=\"e-font-icon-svg e-fas-phone-alt\" viewBox=\"0 0 512 512\" xmlns=\"http:\/\/www.w3.org\/2000\/svg\"><path d=\"M497.39 361.8l-112-48a24 24 0 0 0-28 6.9l-49.6 60.6A370.66 370.66 0 0 1 130.6 204.11l60.6-49.6a23.94 23.94 0 0 0 6.9-28l-48-112A24.16 24.16 0 0 0 122.6.61l-104 24A24 24 0 0 0 0 48c0 256.5 207.9 464 464 464a24 24 0 0 0 23.4-18.6l24-104a24.29 24.29 0 0 0-14.01-27.6z\"><\/path><\/svg>\t\t\t\t\t\t<\/span>\n\t\t\t\t\t\t\t\t\t\t<span class=\"elementor-icon-list-text\">+33 6 40 61 10 60<\/span>\n\t\t\t\t\t\t\t\t\t\t\t<\/a>\n\t\t\t\t\t\t\t\t\t<\/li>\n\t\t\t\t\t\t\t\t<li class=\"elementor-icon-list-item\">\n\t\t\t\t\t\t\t\t\t\t\t<a href=\"mailto:cfeidt@suisscourtage.com\">\n\n\t\t\t\t\t\t\t\t\t\t\t\t<span class=\"elementor-icon-list-icon\">\n\t\t\t\t\t\t\t<svg aria-hidden=\"true\" class=\"e-font-icon-svg e-fas-envelope\" viewBox=\"0 0 512 512\" xmlns=\"http:\/\/www.w3.org\/2000\/svg\"><path d=\"M502.3 190.8c3.9-3.1 9.7-.2 9.7 4.7V400c0 26.5-21.5 48-48 48H48c-26.5 0-48-21.5-48-48V195.6c0-5 5.7-7.8 9.7-4.7 22.4 17.4 52.1 39.5 154.1 113.6 21.1 15.4 56.7 47.8 92.2 47.6 35.7.3 72-32.8 92.3-47.6 102-74.1 131.6-96.3 154-113.7zM256 320c23.2.4 56.6-29.2 73.4-41.4 132.7-96.3 142.8-104.7 173.4-128.7 5.8-4.5 9.2-11.5 9.2-18.9v-19c0-26.5-21.5-48-48-48H48C21.5 64 0 85.5 0 112v19c0 7.4 3.4 14.3 9.2 18.9 30.6 23.9 40.7 32.4 173.4 128.7 16.8 12.2 50.2 41.8 73.4 41.4z\"><\/path><\/svg>\t\t\t\t\t\t<\/span>\n\t\t\t\t\t\t\t\t\t\t<span class=\"elementor-icon-list-text\">cfeidt@suisscourtage.com<\/span>\n\t\t\t\t\t\t\t\t\t\t\t<\/a>\n\t\t\t\t\t\t\t\t\t<\/li>\n\t\t\t\t\t\t<\/ul>\n\t\t\t\t\t\t<\/div>\n\t\t\t\t<div class=\"elementor-element elementor-element-f7e596f elementor-align-left elementor-widget elementor-widget-button\" data-id=\"f7e596f\" data-element_type=\"widget\" data-e-type=\"widget\" data-widget_type=\"button.default\">\n\t\t\t\t\t\t\t\t\t\t<a class=\"elementor-button elementor-button-link elementor-size-sm\" href=\"https:\/\/onlyhealth-insurance.com\/fr\/devis\/\">\n\t\t\t\t\t\t<span class=\"elementor-button-content-wrapper\">\n\t\t\t\t\t\t<span class=\"elementor-button-icon\">\n\t\t\t\t<svg aria-hidden=\"true\" class=\"e-font-icon-svg e-fas-arrow-right\" viewBox=\"0 0 448 512\" xmlns=\"http:\/\/www.w3.org\/2000\/svg\"><path d=\"M190.5 66.9l22.2-22.2c9.4-9.4 24.6-9.4 33.9 0L441 239c9.4 9.4 9.4 24.6 0 33.9L246.6 467.3c-9.4 9.4-24.6 9.4-33.9 0l-22.2-22.2c-9.5-9.5-9.3-25 .4-34.3L311.4 296H24c-13.3 0-24-10.7-24-24v-32c0-13.3 10.7-24 24-24h287.4L190.9 101.2c-9.8-9.3-10-24.8-.4-34.3z\"><\/path><\/svg>\t\t\t<\/span>\n\t\t\t\t\t\t\t\t\t<span class=\"elementor-button-text\">Obtenir un devis<\/span>\n\t\t\t\t\t<\/span>\n\t\t\t\t\t<\/a>\n\t\t\t\t\t\t\t\t<\/div>\n\t\t\t\t<\/div>\n\t\t<div class=\"elementor-element elementor-element-f9b54fc e-con-full e-flex e-con e-child\" data-id=\"f9b54fc\" data-element_type=\"container\" data-e-type=\"container\">\n\t\t\t\t<div class=\"elementor-element elementor-element-0943b59 elementor-widget elementor-widget-formidable\" data-id=\"0943b59\" data-element_type=\"widget\" data-e-type=\"widget\" data-widget_type=\"formidable.default\">\n\t\t\t\t<div class=\"elementor-widget-container\">\n\t\t\t\t\t<div class=\"frm_forms  with_frm_style frm_style_style-formidable\" id=\"frm_form_1_container\" >\n<form enctype=\"multipart\/form-data\" method=\"post\" class=\"frm-show-form  frm_pro_form \" id=\"form_contact-form\" >\n<div class=\"frm_form_fields \">\n<fieldset>\n<legend class=\"frm_screen_reader\">Contactez-nous<\/legend>\r\n\r\n<div class=\"frm_fields_container\">\n<input type=\"hidden\" name=\"frm_action\" value=\"create\" \/>\n<input type=\"hidden\" name=\"form_id\" value=\"1\" \/>\n<input type=\"hidden\" name=\"frm_hide_fields_1\" id=\"frm_hide_fields_1\" value=\"\" \/>\n<input type=\"hidden\" name=\"form_key\" value=\"contact-form\" \/>\n<input type=\"hidden\" name=\"item_meta[0]\" value=\"\" \/>\n<input type=\"hidden\" id=\"frm_submit_entry_1\" name=\"frm_submit_entry_1\" value=\"202473e7c5\" \/><input type=\"hidden\" name=\"_wp_http_referer\" value=\"\/fr\/wp-json\/wp\/v2\/pages\/8525\" \/><div id=\"frm_field_27_container\" class=\"frm_form_field form-field  frm_top_container frm_first frm2\">\n\t<label for=\"field_q80v6\" id=\"field_q80v6_label\" class=\"frm_primary_label\">Civilit\u00e9\n\t\t<span class=\"frm_required\" aria-hidden=\"true\"><\/span>\n\t<\/label>\n\t\t\t<select name=\"item_meta[27]\" id=\"field_q80v6\"  data-invmsg=\"Civilit\u00e9 n&#039;est pas valide.\" aria-invalid=\"false\"  >\n\t\t<option  value=\"\" selected='selected'>M.<\/option><option  value=\"\" selected='selected'>Mme.<\/option>\t<\/select>\n\t\n\t\n\t\n<\/div>\n<div id=\"frm_field_1_container\" class=\"frm_form_field form-field  frm_required_field frm_top_container frm5\">\r\n\t<label for=\"field_qh4icy\" id=\"field_qh4icy_label\" class=\"frm_primary_label\">Pr\u00e9nom\r\n\t\t<span class=\"frm_required\" aria-hidden=\"true\">*<\/span>\r\n\t<\/label>\r\n\t<input  type=\"text\" id=\"field_qh4icy\" name=\"item_meta[1]\" value=\"\"  data-reqmsg=\"Pr\u00e9nom ne peut pas \u00eatre vide.\" aria-required=\"true\" data-invmsg=\"Pr\u00e9nom n&#039;est pas valide.\" aria-invalid=\"false\"   \/>\r\n\t\r\n\t\r\n<\/div>\n<div id=\"frm_field_2_container\" class=\"frm_form_field form-field  frm_required_field frm_top_container frm5\">\r\n\t<label for=\"field_ocfup1\" id=\"field_ocfup1_label\" class=\"frm_primary_label\">Last Name\r\n\t\t<span class=\"frm_required\" aria-hidden=\"true\">*<\/span>\r\n\t<\/label>\r\n\t<input  type=\"text\" id=\"field_ocfup1\" name=\"item_meta[2]\" value=\"\"  data-reqmsg=\"Last Name ne peut pas \u00eatre vide.\" aria-required=\"true\" data-invmsg=\"Last Name n&#039;est pas valide.\" aria-invalid=\"false\"   \/>\r\n\t\r\n\t\r\n<\/div>\n<div id=\"frm_field_3_container\" class=\"frm_form_field form-field  frm_required_field frm_top_container frm_full\">\r\n\t<label for=\"field_29yf4d\" id=\"field_29yf4d_label\" class=\"frm_primary_label\">E-mail\r\n\t\t<span class=\"frm_required\" aria-hidden=\"true\">*<\/span>\r\n\t<\/label>\r\n\t<input type=\"email\" id=\"field_29yf4d\" name=\"item_meta[3]\" value=\"\"  data-reqmsg=\"E-mail ne peut pas \u00eatre vide.\" aria-required=\"true\" data-invmsg=\"Veuillez entrer une adresse mail valide.\" aria-invalid=\"false\"  \/>\r\n\t\r\n\t\r\n<\/div>\n<div id=\"frm_field_4_container\" class=\"frm_form_field form-field  frm_required_field frm_top_container frm_full\">\r\n\t<label for=\"field_e6lis6\" id=\"field_e6lis6_label\" class=\"frm_primary_label\">Sujet\r\n\t\t<span class=\"frm_required\" aria-hidden=\"true\">*<\/span>\r\n\t<\/label>\r\n\t<input  type=\"text\" id=\"field_e6lis6\" name=\"item_meta[4]\" value=\"\"  data-reqmsg=\"Sujet ne peut pas \u00eatre vide.\" aria-required=\"true\" data-invmsg=\"Sujet n&#039;est pas valide.\" aria-invalid=\"false\"   \/>\r\n\t\r\n\t\r\n<\/div>\n<div id=\"frm_field_5_container\" class=\"frm_form_field form-field  frm_required_field frm_top_container frm_full\">\r\n\t<label for=\"field_9jv0r1\" id=\"field_9jv0r1_label\" class=\"frm_primary_label\">Message\r\n\t\t<span class=\"frm_required\" aria-hidden=\"true\">*<\/span>\r\n\t<\/label>\r\n\t<textarea name=\"item_meta[5]\" id=\"field_9jv0r1\" rows=\"5\"  data-reqmsg=\"Message ne peut pas \u00eatre vide.\" aria-required=\"true\" data-invmsg=\"Message n&#039;est pas valide.\" aria-invalid=\"false\"  ><\/textarea>\r\n\t\r\n\t\r\n<\/div>\n<div id=\"frm_field_28_container\" class=\"frm_form_field form-field  frm_none_container\">\n\t<label for=\"g-recaptcha-response\" id=\"field_5b5ev_label\" class=\"frm_primary_label\">Captcha\n\t\t<span class=\"frm_required\" aria-hidden=\"true\"><\/span>\n\t<\/label>\n\t<div  id=\"field_5b5ev\" class=\"frm-g-recaptcha\" data-sitekey=\"6LcylNosAAAAANdvpg5d5zHw_LfgQ3Rlz9ZIo9lL\" data-size=\"invisible\" data-theme=\"light\"><\/div>\n\t\n\t\n<\/div>\n<div id=\"frm_field_14_container\" class=\"frm_form_field form-field \">\r\n\t<div class=\"frm_submit frm_flex\">\r\n<button class=\"frm_button_submit frm_final_submit\" type=\"submit\"   formnovalidate=\"formnovalidate\">Envoyer<\/button>\r\n\r\n\r\n\r\n<\/div>\r\n<\/div>\n\t<input type=\"hidden\" name=\"item_key\" value=\"\" \/>\n\t\t\t<div id=\"frm_field_30_container\">\n\t\t\t<label for=\"field_xjucg\" >\n\t\t\t\tSi vous \u00eates un humain, ne remplissez pas ce champ.\t\t\t<\/label>\n\t\t\t<input  id=\"field_xjucg\" type=\"text\" class=\"frm_form_field form-field frm_verify\" name=\"item_meta[30]\" value=\"\"  \/>\n\t\t<\/div>\n\t\t<input name=\"frm_state\" type=\"hidden\" value=\"MAWzu5wzDt3o3NISFd\/hdvPhzvbFixo2aDidCMHFRUvVC9iweuJd+SQtdU2hdQrm\" \/><\/div>\n<\/fieldset>\n<\/div>\n\n<\/form>\n<\/div>\n\t\t\t\t<\/div>\n\t\t\t\t<\/div>\n\t\t\t\t<\/div>\n\t\t\t\t<\/div>\n\t\t\t\t<\/div>\n\t\t","protected":false},"excerpt":{"rendered":"<p>Des questions ? Contactez-nous Vous pouvez nous joindre par t\u00e9l\u00e9phone, e-mail ou via notre formulaire en ligne. Notre \u00e9quipe est l\u00e0 pour vous aider, o\u00f9 que vous soyez dans le monde. Claude Feidt Directeur Client\u00e8le, OnlyHealth +33 6 40 61 10 60 cfeidt@suisscourtage.com Obtenir un devis Contact Us Title MrMrs First Name * Last Name [&hellip;]<\/p>\n","protected":false},"author":1,"featured_media":0,"parent":0,"menu_order":0,"comment_status":"closed","ping_status":"closed","template":"","meta":{"footnotes":""},"class_list":["post-8525","page","type-page","status-publish","hentry"],"yoast_head":"<!-- This site is optimized with the Yoast SEO plugin v27.5 - https:\/\/yoast.com\/product\/yoast-seo-wordpress\/ -->\n<title>Contactez OnlyHealth, assurance sant\u00e9 internationale<\/title>\n<meta name=\"description\" content=\"Contactez OnlyHealth pour discuter de vos besoins en assurance sant\u00e9 internationale. Nos experts sont l\u00e0 pour aider les expatri\u00e9s, les familles et les professionnels du monde entier.\" \/>\n<meta name=\"robots\" content=\"index, follow, max-snippet:-1, max-image-preview:large, max-video-preview:-1\" \/>\n<link rel=\"canonical\" href=\"https:\/\/onlyhealth-insurance.com\/fr\/contact\/\" \/>\n<meta property=\"og:locale\" content=\"fr_FR\" \/>\n<meta property=\"og:type\" content=\"article\" \/>\n<meta property=\"og:title\" content=\"Contactez OnlyHealth, assurance sant\u00e9 internationale\" \/>\n<meta property=\"og:description\" content=\"Contactez OnlyHealth pour discuter de vos besoins en assurance sant\u00e9 internationale. Nos experts sont l\u00e0 pour aider les expatri\u00e9s, les familles et les professionnels du monde entier.\" \/>\n<meta property=\"og:url\" content=\"https:\/\/onlyhealth-insurance.com\/fr\/contact\/\" \/>\n<meta property=\"og:site_name\" content=\"onlyhealth-insurance.com\" \/>\n<meta property=\"article:modified_time\" content=\"2026-05-07T12:09:20+00:00\" \/>\n<meta name=\"twitter:card\" content=\"summary_large_image\" \/>\n<meta name=\"twitter:label1\" content=\"Dur\u00e9e de lecture estim\u00e9e\" \/>\n\t<meta name=\"twitter:data1\" content=\"1 minute\" \/>\n<script type=\"application\/ld+json\" class=\"yoast-schema-graph\">{\"@context\":\"https:\\\/\\\/schema.org\",\"@graph\":[{\"@type\":\"WebPage\",\"@id\":\"https:\\\/\\\/onlyhealth-insurance.com\\\/fr\\\/contact\\\/\",\"url\":\"https:\\\/\\\/onlyhealth-insurance.com\\\/fr\\\/contact\\\/\",\"name\":\"Contactez OnlyHealth, assurance sant\u00e9 internationale\",\"isPartOf\":{\"@id\":\"https:\\\/\\\/onlyhealth-insurance.com\\\/fr\\\/#website\"},\"datePublished\":\"2026-05-04T13:52:32+00:00\",\"dateModified\":\"2026-05-07T12:09:20+00:00\",\"description\":\"Contactez OnlyHealth pour discuter de vos besoins en assurance sant\u00e9 internationale. Nos experts sont l\u00e0 pour aider les expatri\u00e9s, les familles et les professionnels du monde entier.\",\"breadcrumb\":{\"@id\":\"https:\\\/\\\/onlyhealth-insurance.com\\\/fr\\\/contact\\\/#breadcrumb\"},\"inLanguage\":\"fr-FR\",\"potentialAction\":[{\"@type\":\"ReadAction\",\"target\":[\"https:\\\/\\\/onlyhealth-insurance.com\\\/fr\\\/contact\\\/\"]}]},{\"@type\":\"BreadcrumbList\",\"@id\":\"https:\\\/\\\/onlyhealth-insurance.com\\\/fr\\\/contact\\\/#breadcrumb\",\"itemListElement\":[{\"@type\":\"ListItem\",\"position\":1,\"name\":\"Accueil\",\"item\":\"https:\\\/\\\/onlyhealth-insurance.com\\\/fr\\\/accueil\\\/\"},{\"@type\":\"ListItem\",\"position\":2,\"name\":\"Contact\"}]},{\"@type\":\"WebSite\",\"@id\":\"https:\\\/\\\/onlyhealth-insurance.com\\\/fr\\\/#website\",\"url\":\"https:\\\/\\\/onlyhealth-insurance.com\\\/fr\\\/\",\"name\":\"Only Health\",\"description\":\"\",\"publisher\":{\"@id\":\"https:\\\/\\\/onlyhealth-insurance.com\\\/fr\\\/#organization\"},\"potentialAction\":[{\"@type\":\"SearchAction\",\"target\":{\"@type\":\"EntryPoint\",\"urlTemplate\":\"https:\\\/\\\/onlyhealth-insurance.com\\\/fr\\\/?s={search_term_string}\"},\"query-input\":{\"@type\":\"PropertyValueSpecification\",\"valueRequired\":true,\"valueName\":\"search_term_string\"}}],\"inLanguage\":\"fr-FR\"},{\"@type\":\"Organization\",\"@id\":\"https:\\\/\\\/onlyhealth-insurance.com\\\/fr\\\/#organization\",\"name\":\"Only Health\",\"url\":\"https:\\\/\\\/onlyhealth-insurance.com\\\/fr\\\/\",\"logo\":{\"@type\":\"ImageObject\",\"inLanguage\":\"fr-FR\",\"@id\":\"https:\\\/\\\/onlyhealth-insurance.com\\\/fr\\\/#\\\/schema\\\/logo\\\/image\\\/\",\"url\":\"https:\\\/\\\/onlyhealth-insurance.com\\\/wp-content\\\/uploads\\\/2025\\\/10\\\/cropped-ONLYHEALTH_logo_white-1.png\",\"contentUrl\":\"https:\\\/\\\/onlyhealth-insurance.com\\\/wp-content\\\/uploads\\\/2025\\\/10\\\/cropped-ONLYHEALTH_logo_white-1.png\",\"width\":73,\"height\":68,\"caption\":\"Only Health\"},\"image\":{\"@id\":\"https:\\\/\\\/onlyhealth-insurance.com\\\/fr\\\/#\\\/schema\\\/logo\\\/image\\\/\"}}]}<\/script>\n<!-- \/ Yoast SEO plugin. -->","yoast_head_json":{"title":"Contactez OnlyHealth, assurance sant\u00e9 internationale","description":"Contactez OnlyHealth pour discuter de vos besoins en assurance sant\u00e9 internationale. Nos experts sont l\u00e0 pour aider les expatri\u00e9s, les familles et les professionnels du monde entier.","robots":{"index":"index","follow":"follow","max-snippet":"max-snippet:-1","max-image-preview":"max-image-preview:large","max-video-preview":"max-video-preview:-1"},"canonical":"https:\/\/onlyhealth-insurance.com\/fr\/contact\/","og_locale":"fr_FR","og_type":"article","og_title":"Contactez OnlyHealth, assurance sant\u00e9 internationale","og_description":"Contactez OnlyHealth pour discuter de vos besoins en assurance sant\u00e9 internationale. Nos experts sont l\u00e0 pour aider les expatri\u00e9s, les familles et les professionnels du monde entier.","og_url":"https:\/\/onlyhealth-insurance.com\/fr\/contact\/","og_site_name":"onlyhealth-insurance.com","article_modified_time":"2026-05-07T12:09:20+00:00","twitter_card":"summary_large_image","twitter_misc":{"Dur\u00e9e de lecture estim\u00e9e":"1 minute"},"schema":{"@context":"https:\/\/schema.org","@graph":[{"@type":"WebPage","@id":"https:\/\/onlyhealth-insurance.com\/fr\/contact\/","url":"https:\/\/onlyhealth-insurance.com\/fr\/contact\/","name":"Contactez OnlyHealth, assurance sant\u00e9 internationale","isPartOf":{"@id":"https:\/\/onlyhealth-insurance.com\/fr\/#website"},"datePublished":"2026-05-04T13:52:32+00:00","dateModified":"2026-05-07T12:09:20+00:00","description":"Contactez OnlyHealth pour discuter de vos besoins en assurance sant\u00e9 internationale. Nos experts sont l\u00e0 pour aider les expatri\u00e9s, les familles et les professionnels du monde entier.","breadcrumb":{"@id":"https:\/\/onlyhealth-insurance.com\/fr\/contact\/#breadcrumb"},"inLanguage":"fr-FR","potentialAction":[{"@type":"ReadAction","target":["https:\/\/onlyhealth-insurance.com\/fr\/contact\/"]}]},{"@type":"BreadcrumbList","@id":"https:\/\/onlyhealth-insurance.com\/fr\/contact\/#breadcrumb","itemListElement":[{"@type":"ListItem","position":1,"name":"Accueil","item":"https:\/\/onlyhealth-insurance.com\/fr\/accueil\/"},{"@type":"ListItem","position":2,"name":"Contact"}]},{"@type":"WebSite","@id":"https:\/\/onlyhealth-insurance.com\/fr\/#website","url":"https:\/\/onlyhealth-insurance.com\/fr\/","name":"Only Health","description":"","publisher":{"@id":"https:\/\/onlyhealth-insurance.com\/fr\/#organization"},"potentialAction":[{"@type":"SearchAction","target":{"@type":"EntryPoint","urlTemplate":"https:\/\/onlyhealth-insurance.com\/fr\/?s={search_term_string}"},"query-input":{"@type":"PropertyValueSpecification","valueRequired":true,"valueName":"search_term_string"}}],"inLanguage":"fr-FR"},{"@type":"Organization","@id":"https:\/\/onlyhealth-insurance.com\/fr\/#organization","name":"Only Health","url":"https:\/\/onlyhealth-insurance.com\/fr\/","logo":{"@type":"ImageObject","inLanguage":"fr-FR","@id":"https:\/\/onlyhealth-insurance.com\/fr\/#\/schema\/logo\/image\/","url":"https:\/\/onlyhealth-insurance.com\/wp-content\/uploads\/2025\/10\/cropped-ONLYHEALTH_logo_white-1.png","contentUrl":"https:\/\/onlyhealth-insurance.com\/wp-content\/uploads\/2025\/10\/cropped-ONLYHEALTH_logo_white-1.png","width":73,"height":68,"caption":"Only Health"},"image":{"@id":"https:\/\/onlyhealth-insurance.com\/fr\/#\/schema\/logo\/image\/"}}]}},"_links":{"self":[{"href":"https:\/\/onlyhealth-insurance.com\/fr\/wp-json\/wp\/v2\/pages\/8525","targetHints":{"allow":["GET"]}}],"collection":[{"href":"https:\/\/onlyhealth-insurance.com\/fr\/wp-json\/wp\/v2\/pages"}],"about":[{"href":"https:\/\/onlyhealth-insurance.com\/fr\/wp-json\/wp\/v2\/types\/page"}],"author":[{"embeddable":true,"href":"https:\/\/onlyhealth-insurance.com\/fr\/wp-json\/wp\/v2\/users\/1"}],"replies":[{"embeddable":true,"href":"https:\/\/onlyhealth-insurance.com\/fr\/wp-json\/wp\/v2\/comments?post=8525"}],"version-history":[{"count":5,"href":"https:\/\/onlyhealth-insurance.com\/fr\/wp-json\/wp\/v2\/pages\/8525\/revisions"}],"predecessor-version":[{"id":8782,"href":"https:\/\/onlyhealth-insurance.com\/fr\/wp-json\/wp\/v2\/pages\/8525\/revisions\/8782"}],"wp:attachment":[{"href":"https:\/\/onlyhealth-insurance.com\/fr\/wp-json\/wp\/v2\/media?parent=8525"}],"curies":[{"name":"wp","href":"https:\/\/api.w.org\/{rel}","templated":true}]}}