{"id":7840,"date":"2025-10-08T07:16:51","date_gmt":"2025-10-08T07:16:51","guid":{"rendered":"https:\/\/onlyhealth-insurance.com\/contact\/"},"modified":"2026-05-07T08:40:40","modified_gmt":"2026-05-07T08:40:40","slug":"devis","status":"publish","type":"page","link":"https:\/\/onlyhealth-insurance.com\/fr\/devis\/","title":{"rendered":"\u00c9tude personnalis\u00e9e"},"content":{"rendered":"\t\t<div data-elementor-type=\"wp-page\" data-elementor-id=\"7840\" class=\"elementor elementor-7840 elementor-27\" data-elementor-post-type=\"page\">\n\t\t\t\t<div class=\"elementor-element elementor-element-4fd1d55 e-con-full animated-slow e-flex elementor-invisible e-con e-parent\" data-id=\"4fd1d55\" data-element_type=\"container\" data-e-type=\"container\" data-settings=\"{&quot;background_background&quot;:&quot;classic&quot;,&quot;animation&quot;:&quot;fadeIn&quot;}\">\n\t\t<div class=\"elementor-element elementor-element-80e113f e-con-full e-flex e-con e-child\" data-id=\"80e113f\" data-element_type=\"container\" data-e-type=\"container\">\n\t\t\t\t<div class=\"elementor-element elementor-element-af3229a elementor-widget elementor-widget-heading\" data-id=\"af3229a\" data-element_type=\"widget\" data-e-type=\"widget\" data-widget_type=\"heading.default\">\n\t\t\t\t\t<h1 class=\"elementor-heading-title elementor-size-default\">Pr\u00eat \u00e0 recevoir votre \u00e9tude assurance sant\u00e9 sant\u00e9 intenrationale personnalis\u00e9e ?\n<\/h1>\t\t\t\t<\/div>\n\t\t\t\t<div class=\"elementor-element elementor-element-4541c4d elementor-widget elementor-widget-heading\" data-id=\"4541c4d\" data-element_type=\"widget\" data-e-type=\"widget\" data-widget_type=\"heading.default\">\n\t\t\t\t\t<h2 class=\"elementor-heading-title elementor-size-default\">Contactez-nous<\/h2>\t\t\t\t<\/div>\n\t\t\t\t<div class=\"elementor-element elementor-element-75be0a4 elementor-widget elementor-widget-text-editor\" data-id=\"75be0a4\" data-element_type=\"widget\" data-e-type=\"widget\" data-widget_type=\"text-editor.default\">\n\t\t\t\t\t\t\t\t\t<p>Compl\u00e9tez le formulaire pour recevoir votre \u00e9tude personnalis\u00e9e.<\/p>\t\t\t\t\t\t\t\t<\/div>\n\t\t<div class=\"elementor-element elementor-element-f1eb0d3 e-con-full e-flex e-con e-child\" data-id=\"f1eb0d3\" data-element_type=\"container\" data-e-type=\"container\">\n\t\t\t\t<div class=\"elementor-element elementor-element-d8afa52 elementor-widget elementor-widget-text-editor\" data-id=\"d8afa52\" data-element_type=\"widget\" data-e-type=\"widget\" data-widget_type=\"text-editor.default\">\n\t\t\t\t\t\t\t\t\t<p><em>Contact direct pour toutes vos questions :<\/em><\/p>\t\t\t\t\t\t\t\t<\/div>\n\t\t\t\t<div class=\"elementor-element elementor-element-d02e5aa elementor-widget elementor-widget-text-editor\" data-id=\"d02e5aa\" data-element_type=\"widget\" data-e-type=\"widget\" data-widget_type=\"text-editor.default\">\n\t\t\t\t\t\t\t\t\t<p>Claude Feidt<\/p>\t\t\t\t\t\t\t\t<\/div>\n\t\t\t\t<div class=\"elementor-element elementor-element-6074988 elementor-widget elementor-widget-text-editor\" data-id=\"6074988\" data-element_type=\"widget\" data-e-type=\"widget\" data-widget_type=\"text-editor.default\">\n\t\t\t\t\t\t\t\t\t<p>Directeur Client\u00e8le, OnlyHealth<\/p>\t\t\t\t\t\t\t\t<\/div>\n\t\t\t\t<\/div>\n\t\t\t\t<div class=\"elementor-element elementor-element-ecd6ceb elementor-icon-list--layout-traditional elementor-list-item-link-full_width elementor-widget elementor-widget-icon-list\" data-id=\"ecd6ceb\" data-element_type=\"widget\" data-e-type=\"widget\" data-widget_type=\"icon-list.default\">\n\t\t\t\t\t\t\t<ul class=\"elementor-icon-list-items\">\n\t\t\t\t\t\t\t<li class=\"elementor-icon-list-item\">\n\t\t\t\t\t\t\t\t\t\t\t<a href=\"\">\n\n\t\t\t\t\t\t\t\t\t\t\t\t<span class=\"elementor-icon-list-icon\">\n\t\t\t\t\t\t\t<svg aria-hidden=\"true\" class=\"e-font-icon-svg e-fas-phone-alt\" viewBox=\"0 0 512 512\" xmlns=\"http:\/\/www.w3.org\/2000\/svg\"><path d=\"M497.39 361.8l-112-48a24 24 0 0 0-28 6.9l-49.6 60.6A370.66 370.66 0 0 1 130.6 204.11l60.6-49.6a23.94 23.94 0 0 0 6.9-28l-48-112A24.16 24.16 0 0 0 122.6.61l-104 24A24 24 0 0 0 0 48c0 256.5 207.9 464 464 464a24 24 0 0 0 23.4-18.6l24-104a24.29 24.29 0 0 0-14.01-27.6z\"><\/path><\/svg>\t\t\t\t\t\t<\/span>\n\t\t\t\t\t\t\t\t\t\t<span class=\"elementor-icon-list-text\">+33 6 40 61 10 60<\/span>\n\t\t\t\t\t\t\t\t\t\t\t<\/a>\n\t\t\t\t\t\t\t\t\t<\/li>\n\t\t\t\t\t\t\t\t<li class=\"elementor-icon-list-item\">\n\t\t\t\t\t\t\t\t\t\t\t<a href=\"mailto:cfeidt@suisscourtage.com\">\n\n\t\t\t\t\t\t\t\t\t\t\t\t<span class=\"elementor-icon-list-icon\">\n\t\t\t\t\t\t\t<svg aria-hidden=\"true\" class=\"e-font-icon-svg e-fas-envelope\" viewBox=\"0 0 512 512\" xmlns=\"http:\/\/www.w3.org\/2000\/svg\"><path d=\"M502.3 190.8c3.9-3.1 9.7-.2 9.7 4.7V400c0 26.5-21.5 48-48 48H48c-26.5 0-48-21.5-48-48V195.6c0-5 5.7-7.8 9.7-4.7 22.4 17.4 52.1 39.5 154.1 113.6 21.1 15.4 56.7 47.8 92.2 47.6 35.7.3 72-32.8 92.3-47.6 102-74.1 131.6-96.3 154-113.7zM256 320c23.2.4 56.6-29.2 73.4-41.4 132.7-96.3 142.8-104.7 173.4-128.7 5.8-4.5 9.2-11.5 9.2-18.9v-19c0-26.5-21.5-48-48-48H48C21.5 64 0 85.5 0 112v19c0 7.4 3.4 14.3 9.2 18.9 30.6 23.9 40.7 32.4 173.4 128.7 16.8 12.2 50.2 41.8 73.4 41.4z\"><\/path><\/svg>\t\t\t\t\t\t<\/span>\n\t\t\t\t\t\t\t\t\t\t<span class=\"elementor-icon-list-text\">cfeidt@suisscourtage.com<\/span>\n\t\t\t\t\t\t\t\t\t\t\t<\/a>\n\t\t\t\t\t\t\t\t\t<\/li>\n\t\t\t\t\t\t<\/ul>\n\t\t\t\t\t\t<\/div>\n\t\t\t\t<\/div>\n\t\t<div class=\"elementor-element elementor-element-f9b54fc e-con-full e-flex e-con e-child\" data-id=\"f9b54fc\" data-element_type=\"container\" data-e-type=\"container\">\n\t\t\t\t<div class=\"elementor-element elementor-element-0943b59 elementor-widget elementor-widget-formidable\" data-id=\"0943b59\" data-element_type=\"widget\" data-e-type=\"widget\" data-widget_type=\"formidable.default\">\n\t\t\t\t<div class=\"elementor-widget-container\">\n\t\t\t\t\t<div class=\"frm_forms  with_frm_style frm_style_style-formidable\" id=\"frm_form_3_container\" >\n<form enctype=\"multipart\/form-data\" method=\"post\" class=\"frm-show-form  frm_pro_form \" id=\"form_quote\" >\n<div class=\"frm_form_fields \">\n<fieldset>\n<legend class=\"frm_screen_reader\">Devis<\/legend>\r\n\r\n<div class=\"frm_fields_container\">\n<input type=\"hidden\" name=\"frm_action\" value=\"create\" \/>\n<input type=\"hidden\" name=\"form_id\" value=\"3\" \/>\n<input type=\"hidden\" name=\"frm_hide_fields_3\" id=\"frm_hide_fields_3\" value=\"\" \/>\n<input type=\"hidden\" name=\"form_key\" value=\"quote\" \/>\n<input type=\"hidden\" name=\"item_meta[0]\" value=\"\" \/>\n<input type=\"hidden\" id=\"frm_submit_entry_3\" name=\"frm_submit_entry_3\" value=\"202473e7c5\" \/><input type=\"hidden\" name=\"_wp_http_referer\" value=\"\/fr\/wp-json\/wp\/v2\/pages\/7840\" \/><div id=\"frm_field_21_container\" class=\"frm_form_field form-field  frm_top_container frm_first frm2\">\r\n\t<label for=\"field_dd28k\" id=\"field_dd28k_label\" class=\"frm_primary_label\">Civilit\u00e9\r\n\t\t<span class=\"frm_required\" aria-hidden=\"true\"><\/span>\r\n\t<\/label>\r\n\t\t\t<select name=\"item_meta[21]\" id=\"field_dd28k\"  data-invmsg=\"Civilit\u00e9 n&#039;est pas valide.\" aria-invalid=\"false\"  >\n\t\t<option  value=\"\" selected='selected'>M.<\/option><option  value=\"Option 1\">Mme.<\/option>\t<\/select>\n\t\r\n\t\r\n\t\r\n<\/div>\n<div id=\"frm_field_15_container\" class=\"frm_form_field form-field  frm_required_field frm_top_container frm5\">\r\n\t<label for=\"field_qh4icy2\" id=\"field_qh4icy2_label\" class=\"frm_primary_label\">Pr\u00e9nom\r\n\t\t<span class=\"frm_required\" aria-hidden=\"true\">*<\/span>\r\n\t<\/label>\r\n\t<input  type=\"text\" id=\"field_qh4icy2\" name=\"item_meta[15]\" value=\"\"  data-reqmsg=\"Pr\u00e9nom ne peut pas \u00eatre vide.\" aria-required=\"true\" data-invmsg=\"Pr\u00e9nom n&#039;est pas valide.\" aria-invalid=\"false\"   \/>\r\n\t\r\n\t\r\n<\/div>\n<div id=\"frm_field_16_container\" class=\"frm_form_field form-field  frm_required_field frm_top_container frm5\">\r\n\t<label for=\"field_ocfup12\" id=\"field_ocfup12_label\" class=\"frm_primary_label\">Nom\r\n\t\t<span class=\"frm_required\" aria-hidden=\"true\">*<\/span>\r\n\t<\/label>\r\n\t<input  type=\"text\" id=\"field_ocfup12\" name=\"item_meta[16]\" value=\"\"  data-reqmsg=\"Nom ne peut pas \u00eatre vide.\" aria-required=\"true\" data-invmsg=\"Nom n&#039;est pas valide.\" aria-invalid=\"false\"   \/>\r\n\t\r\n\t\r\n<\/div>\n<div id=\"frm_field_25_container\" class=\"frm_form_field form-field  frm_required_field frm_top_container\">\r\n\t<label for=\"field_5vn43\" id=\"field_5vn43_label\" class=\"frm_primary_label\">Date de naissance\r\n\t\t<span class=\"frm_required\" aria-hidden=\"true\">*<\/span>\r\n\t<\/label>\r\n\t<input type=\"text\" id=\"field_5vn43\" name=\"item_meta[25]\" value=\"\"  maxlength=\"10\" data-reqmsg=\"Date de naissance ne peut pas \u00eatre vide.\" aria-required=\"true\" data-invmsg=\"Date de naissance n&#039;est pas valide.\" class=\"frm_date\" aria-invalid=\"false\"  \/>\r\n\t\r\n\t\r\n<\/div>\n<div id=\"frm_field_17_container\" class=\"frm_form_field form-field  frm_required_field frm_top_container frm_first frm8\">\r\n\t<label for=\"field_29yf4d2\" id=\"field_29yf4d2_label\" class=\"frm_primary_label\">Email\r\n\t\t<span class=\"frm_required\" aria-hidden=\"true\">*<\/span>\r\n\t<\/label>\r\n\t<input type=\"email\" id=\"field_29yf4d2\" name=\"item_meta[17]\" value=\"\"  data-reqmsg=\"Email ne peut pas \u00eatre vide.\" aria-required=\"true\" data-invmsg=\"Veuillez entrer une adresse mail valide.\" aria-invalid=\"false\"  \/>\r\n\t\r\n\t\r\n<\/div>\n<div id=\"frm_field_22_container\" class=\"frm_form_field form-field  frm_top_container frm4\">\r\n\t<label for=\"field_bczui\" id=\"field_bczui_label\" class=\"frm_primary_label\">T\u00e9l\u00e9phone\r\n\t\t<span class=\"frm_required\" aria-hidden=\"true\"><\/span>\r\n\t<\/label>\r\n\t<input type=\"tel\" id=\"field_bczui\" name=\"item_meta[22]\" value=\"\"  data-invmsg=\"T\u00e9l\u00e9phone n&#039;est pas valide.\" class=\"frm-intl-tel-input\" aria-invalid=\"false\" pattern=\"\\+?\\d{1,4}[\\s\\-]?(?:\\(\\d{1,3}\\)[\\s\\-]?)?\\d{1,4}[\\s\\-]?\\d{1,4}[\\s\\-]?\\d{1,4}$\"  \/>\r\n\t\r\n\t\r\n<\/div>\n<div id=\"frm_field_24_container\" class=\"frm_form_field form-field  frm_required_field frm_top_container frm6 frm_first\">\r\n\t<label for=\"field_oiibl\" id=\"field_oiibl_label\" class=\"frm_primary_label\">Nationalit\u00e9\r\n\t\t<span class=\"frm_required\" aria-hidden=\"true\">*<\/span>\r\n\t<\/label>\r\n\t<input  type=\"text\" id=\"field_oiibl\" name=\"item_meta[24]\" value=\"\"  data-reqmsg=\"Nationalit\u00e9 ne peut pas \u00eatre vide.\" aria-required=\"true\" data-invmsg=\"Nationalit\u00e9 n&#039;est pas valide.\" aria-invalid=\"false\"   \/>\r\n\t\r\n\t\r\n<\/div>\n<div id=\"frm_field_26_container\" class=\"frm_form_field form-field  frm_required_field frm_top_container frm6\">\r\n\t<label for=\"field_7pa4f\" id=\"field_7pa4f_label\" class=\"frm_primary_label\">Pays de r\u00e9sidence\r\n\t\t<span class=\"frm_required\" aria-hidden=\"true\">*<\/span>\r\n\t<\/label>\r\n\t<input  type=\"text\" id=\"field_7pa4f\" name=\"item_meta[26]\" value=\"\"  data-reqmsg=\"Pays de r\u00e9sidence ne peut pas \u00eatre vide.\" aria-required=\"true\" data-invmsg=\"Pays de r\u00e9sidence n&#039;est pas valide.\" aria-invalid=\"false\"   \/>\r\n\t\r\n\t\r\n<\/div>\n<div id=\"frm_field_19_container\" class=\"frm_form_field form-field  frm_top_container frm_full\">\r\n\t<label for=\"field_9jv0r12\" id=\"field_9jv0r12_label\" class=\"frm_primary_label\">Message\r\n\t\t<span class=\"frm_required\" aria-hidden=\"true\"><\/span>\r\n\t<\/label>\r\n\t<textarea name=\"item_meta[19]\" id=\"field_9jv0r12\" rows=\"5\"  data-invmsg=\"Message n&#039;est pas valide.\" aria-invalid=\"false\"  ><\/textarea>\r\n\t\r\n\t\r\n<\/div>\n<div id=\"frm_field_29_container\" class=\"frm_form_field form-field  frm_none_container\">\r\n\t<label for=\"g-recaptcha-response\" id=\"field_flyzn_label\" class=\"frm_primary_label\">Captcha\r\n\t\t<span class=\"frm_required\" aria-hidden=\"true\"><\/span>\r\n\t<\/label>\r\n\t<div  id=\"field_flyzn\" class=\"frm-g-recaptcha\" data-sitekey=\"6LcylNosAAAAANdvpg5d5zHw_LfgQ3Rlz9ZIo9lL\" data-size=\"invisible\" data-theme=\"light\"><\/div>\r\n\t\r\n\t\r\n<\/div>\n<div id=\"frm_field_20_container\" class=\"frm_form_field form-field \">\r\n\t<div class=\"frm_submit frm_flex\">\r\n<button class=\"frm_button_submit frm_final_submit\" type=\"submit\"   formnovalidate=\"formnovalidate\">Envoyer<\/button>\r\n\r\n\r\n\r\n<\/div>\r\n<\/div>\n\t<input type=\"hidden\" name=\"item_key\" value=\"\" \/>\n\t\t\t<div id=\"frm_field_30_container\">\n\t\t\t<label for=\"field_r0dv3\" >\n\t\t\t\tSi vous \u00eates un humain, ne remplissez pas ce champ.\t\t\t<\/label>\n\t\t\t<input  id=\"field_r0dv3\" type=\"text\" class=\"frm_form_field form-field frm_verify\" name=\"item_meta[30]\" value=\"\"  \/>\n\t\t<\/div>\n\t\t<input name=\"frm_state\" type=\"hidden\" value=\"MAWzu5wzDt3o3NISFd\/hdj57lWfQas8ilvf23keuD+\/VC9iweuJd+SQtdU2hdQrm\" \/><\/div>\n<\/fieldset>\n<\/div>\n\n<\/form>\n<\/div>\n\t\t\t\t<\/div>\n\t\t\t\t<\/div>\n\t\t\t\t<\/div>\n\t\t\t\t<\/div>\n\t\t\t\t<\/div>\n\t\t","protected":false},"excerpt":{"rendered":"<p>Pr\u00eat \u00e0 recevoir votre \u00e9tude assurance sant\u00e9 sant\u00e9 intenrationale personnalis\u00e9e ? Contactez-nous Compl\u00e9tez le formulaire pour recevoir votre \u00e9tude personnalis\u00e9e. Contact direct pour toutes vos questions : Claude Feidt Directeur Client\u00e8le, OnlyHealth +33 6 40 61 10 60 cfeidt@suisscourtage.com Quote Title MrMrs First Name * Last Name * Birth Date * Email * Phone Nationality [&hellip;]<\/p>\n","protected":false},"author":1,"featured_media":0,"parent":0,"menu_order":0,"comment_status":"closed","ping_status":"closed","template":"","meta":{"footnotes":""},"class_list":["post-7840","page","type-page","status-publish","hentry"],"yoast_head":"<!-- This site is optimized with the Yoast SEO plugin v27.5 - https:\/\/yoast.com\/product\/yoast-seo-wordpress\/ -->\n<title>Devis d\u2019assurance sant\u00e9 internationale | OnlyHealthGet<\/title>\n<meta name=\"description\" content=\"Obtenez votre devis gratuit d\u2019assurance sant\u00e9 internationale en ligne. Nos experts sont l\u00e0 pour aider les expatri\u00e9s, les familles et les professionnels du monde entier.\" \/>\n<meta name=\"robots\" content=\"index, follow, max-snippet:-1, max-image-preview:large, max-video-preview:-1\" \/>\n<link rel=\"canonical\" href=\"https:\/\/onlyhealth-insurance.com\/fr\/devis\/\" \/>\n<meta property=\"og:locale\" content=\"fr_FR\" \/>\n<meta property=\"og:type\" content=\"article\" \/>\n<meta property=\"og:title\" content=\"Devis d\u2019assurance sant\u00e9 internationale | OnlyHealthGet\" \/>\n<meta property=\"og:description\" content=\"Obtenez votre devis gratuit d\u2019assurance sant\u00e9 internationale en ligne. Nos experts sont l\u00e0 pour aider les expatri\u00e9s, les familles et les professionnels du monde entier.\" \/>\n<meta property=\"og:url\" content=\"https:\/\/onlyhealth-insurance.com\/fr\/devis\/\" \/>\n<meta property=\"og:site_name\" content=\"onlyhealth-insurance.com\" \/>\n<meta property=\"article:modified_time\" content=\"2026-05-07T08:40:40+00:00\" \/>\n<meta name=\"twitter:card\" content=\"summary_large_image\" \/>\n<meta name=\"twitter:label1\" content=\"Dur\u00e9e de lecture estim\u00e9e\" \/>\n\t<meta name=\"twitter:data1\" content=\"1 minute\" \/>\n<script type=\"application\/ld+json\" class=\"yoast-schema-graph\">{\"@context\":\"https:\\\/\\\/schema.org\",\"@graph\":[{\"@type\":\"WebPage\",\"@id\":\"https:\\\/\\\/onlyhealth-insurance.com\\\/fr\\\/devis\\\/\",\"url\":\"https:\\\/\\\/onlyhealth-insurance.com\\\/fr\\\/devis\\\/\",\"name\":\"Devis d\u2019assurance sant\u00e9 internationale | OnlyHealthGet\",\"isPartOf\":{\"@id\":\"https:\\\/\\\/onlyhealth-insurance.com\\\/fr\\\/#website\"},\"datePublished\":\"2025-10-08T07:16:51+00:00\",\"dateModified\":\"2026-05-07T08:40:40+00:00\",\"description\":\"Obtenez votre devis gratuit d\u2019assurance sant\u00e9 internationale en ligne. Nos experts sont l\u00e0 pour aider les expatri\u00e9s, les familles et les professionnels du monde entier.\",\"breadcrumb\":{\"@id\":\"https:\\\/\\\/onlyhealth-insurance.com\\\/fr\\\/devis\\\/#breadcrumb\"},\"inLanguage\":\"fr-FR\",\"potentialAction\":[{\"@type\":\"ReadAction\",\"target\":[\"https:\\\/\\\/onlyhealth-insurance.com\\\/fr\\\/devis\\\/\"]}]},{\"@type\":\"BreadcrumbList\",\"@id\":\"https:\\\/\\\/onlyhealth-insurance.com\\\/fr\\\/devis\\\/#breadcrumb\",\"itemListElement\":[{\"@type\":\"ListItem\",\"position\":1,\"name\":\"Accueil\",\"item\":\"https:\\\/\\\/onlyhealth-insurance.com\\\/fr\\\/accueil\\\/\"},{\"@type\":\"ListItem\",\"position\":2,\"name\":\"\u00c9tude personnalis\u00e9e\"}]},{\"@type\":\"WebSite\",\"@id\":\"https:\\\/\\\/onlyhealth-insurance.com\\\/fr\\\/#website\",\"url\":\"https:\\\/\\\/onlyhealth-insurance.com\\\/fr\\\/\",\"name\":\"Only Health\",\"description\":\"\",\"publisher\":{\"@id\":\"https:\\\/\\\/onlyhealth-insurance.com\\\/fr\\\/#organization\"},\"potentialAction\":[{\"@type\":\"SearchAction\",\"target\":{\"@type\":\"EntryPoint\",\"urlTemplate\":\"https:\\\/\\\/onlyhealth-insurance.com\\\/fr\\\/?s={search_term_string}\"},\"query-input\":{\"@type\":\"PropertyValueSpecification\",\"valueRequired\":true,\"valueName\":\"search_term_string\"}}],\"inLanguage\":\"fr-FR\"},{\"@type\":\"Organization\",\"@id\":\"https:\\\/\\\/onlyhealth-insurance.com\\\/fr\\\/#organization\",\"name\":\"Only Health\",\"url\":\"https:\\\/\\\/onlyhealth-insurance.com\\\/fr\\\/\",\"logo\":{\"@type\":\"ImageObject\",\"inLanguage\":\"fr-FR\",\"@id\":\"https:\\\/\\\/onlyhealth-insurance.com\\\/fr\\\/#\\\/schema\\\/logo\\\/image\\\/\",\"url\":\"https:\\\/\\\/onlyhealth-insurance.com\\\/wp-content\\\/uploads\\\/2025\\\/10\\\/cropped-ONLYHEALTH_logo_white-1.png\",\"contentUrl\":\"https:\\\/\\\/onlyhealth-insurance.com\\\/wp-content\\\/uploads\\\/2025\\\/10\\\/cropped-ONLYHEALTH_logo_white-1.png\",\"width\":73,\"height\":68,\"caption\":\"Only Health\"},\"image\":{\"@id\":\"https:\\\/\\\/onlyhealth-insurance.com\\\/fr\\\/#\\\/schema\\\/logo\\\/image\\\/\"}}]}<\/script>\n<!-- \/ Yoast SEO plugin. -->","yoast_head_json":{"title":"Devis d\u2019assurance sant\u00e9 internationale | OnlyHealthGet","description":"Obtenez votre devis gratuit d\u2019assurance sant\u00e9 internationale en ligne. Nos experts sont l\u00e0 pour aider les expatri\u00e9s, les familles et les professionnels du monde entier.","robots":{"index":"index","follow":"follow","max-snippet":"max-snippet:-1","max-image-preview":"max-image-preview:large","max-video-preview":"max-video-preview:-1"},"canonical":"https:\/\/onlyhealth-insurance.com\/fr\/devis\/","og_locale":"fr_FR","og_type":"article","og_title":"Devis d\u2019assurance sant\u00e9 internationale | OnlyHealthGet","og_description":"Obtenez votre devis gratuit d\u2019assurance sant\u00e9 internationale en ligne. Nos experts sont l\u00e0 pour aider les expatri\u00e9s, les familles et les professionnels du monde entier.","og_url":"https:\/\/onlyhealth-insurance.com\/fr\/devis\/","og_site_name":"onlyhealth-insurance.com","article_modified_time":"2026-05-07T08:40:40+00:00","twitter_card":"summary_large_image","twitter_misc":{"Dur\u00e9e de lecture estim\u00e9e":"1 minute"},"schema":{"@context":"https:\/\/schema.org","@graph":[{"@type":"WebPage","@id":"https:\/\/onlyhealth-insurance.com\/fr\/devis\/","url":"https:\/\/onlyhealth-insurance.com\/fr\/devis\/","name":"Devis d\u2019assurance sant\u00e9 internationale | OnlyHealthGet","isPartOf":{"@id":"https:\/\/onlyhealth-insurance.com\/fr\/#website"},"datePublished":"2025-10-08T07:16:51+00:00","dateModified":"2026-05-07T08:40:40+00:00","description":"Obtenez votre devis gratuit d\u2019assurance sant\u00e9 internationale en ligne. Nos experts sont l\u00e0 pour aider les expatri\u00e9s, les familles et les professionnels du monde entier.","breadcrumb":{"@id":"https:\/\/onlyhealth-insurance.com\/fr\/devis\/#breadcrumb"},"inLanguage":"fr-FR","potentialAction":[{"@type":"ReadAction","target":["https:\/\/onlyhealth-insurance.com\/fr\/devis\/"]}]},{"@type":"BreadcrumbList","@id":"https:\/\/onlyhealth-insurance.com\/fr\/devis\/#breadcrumb","itemListElement":[{"@type":"ListItem","position":1,"name":"Accueil","item":"https:\/\/onlyhealth-insurance.com\/fr\/accueil\/"},{"@type":"ListItem","position":2,"name":"\u00c9tude personnalis\u00e9e"}]},{"@type":"WebSite","@id":"https:\/\/onlyhealth-insurance.com\/fr\/#website","url":"https:\/\/onlyhealth-insurance.com\/fr\/","name":"Only Health","description":"","publisher":{"@id":"https:\/\/onlyhealth-insurance.com\/fr\/#organization"},"potentialAction":[{"@type":"SearchAction","target":{"@type":"EntryPoint","urlTemplate":"https:\/\/onlyhealth-insurance.com\/fr\/?s={search_term_string}"},"query-input":{"@type":"PropertyValueSpecification","valueRequired":true,"valueName":"search_term_string"}}],"inLanguage":"fr-FR"},{"@type":"Organization","@id":"https:\/\/onlyhealth-insurance.com\/fr\/#organization","name":"Only Health","url":"https:\/\/onlyhealth-insurance.com\/fr\/","logo":{"@type":"ImageObject","inLanguage":"fr-FR","@id":"https:\/\/onlyhealth-insurance.com\/fr\/#\/schema\/logo\/image\/","url":"https:\/\/onlyhealth-insurance.com\/wp-content\/uploads\/2025\/10\/cropped-ONLYHEALTH_logo_white-1.png","contentUrl":"https:\/\/onlyhealth-insurance.com\/wp-content\/uploads\/2025\/10\/cropped-ONLYHEALTH_logo_white-1.png","width":73,"height":68,"caption":"Only Health"},"image":{"@id":"https:\/\/onlyhealth-insurance.com\/fr\/#\/schema\/logo\/image\/"}}]}},"_links":{"self":[{"href":"https:\/\/onlyhealth-insurance.com\/fr\/wp-json\/wp\/v2\/pages\/7840","targetHints":{"allow":["GET"]}}],"collection":[{"href":"https:\/\/onlyhealth-insurance.com\/fr\/wp-json\/wp\/v2\/pages"}],"about":[{"href":"https:\/\/onlyhealth-insurance.com\/fr\/wp-json\/wp\/v2\/types\/page"}],"author":[{"embeddable":true,"href":"https:\/\/onlyhealth-insurance.com\/fr\/wp-json\/wp\/v2\/users\/1"}],"replies":[{"embeddable":true,"href":"https:\/\/onlyhealth-insurance.com\/fr\/wp-json\/wp\/v2\/comments?post=7840"}],"version-history":[{"count":7,"href":"https:\/\/onlyhealth-insurance.com\/fr\/wp-json\/wp\/v2\/pages\/7840\/revisions"}],"predecessor-version":[{"id":8755,"href":"https:\/\/onlyhealth-insurance.com\/fr\/wp-json\/wp\/v2\/pages\/7840\/revisions\/8755"}],"wp:attachment":[{"href":"https:\/\/onlyhealth-insurance.com\/fr\/wp-json\/wp\/v2\/media?parent=7840"}],"curies":[{"name":"wp","href":"https:\/\/api.w.org\/{rel}","templated":true}]}}