{"id":7800,"date":"2025-12-02T07:52:42","date_gmt":"2025-12-02T07:52:42","guid":{"rendered":"https:\/\/onlyhealth-insurance.com\/onlyhealth-propulse-par-suisscourtage\/"},"modified":"2026-05-05T14:19:03","modified_gmt":"2026-05-05T14:19:03","slug":"onlyhealth-propulse-par-suisscourtage","status":"publish","type":"page","link":"https:\/\/onlyhealth-insurance.com\/fr\/onlyhealth-propulse-par-suisscourtage\/","title":{"rendered":"OnlyHealth propuls\u00e9 par Suisscourtage"},"content":{"rendered":"\t\t<div data-elementor-type=\"wp-page\" data-elementor-id=\"7800\" class=\"elementor elementor-7800 elementor-5285\" data-elementor-post-type=\"page\">\n\t\t\t\t<div class=\"elementor-element elementor-element-bef6434 e-con-full e-flex elementor-invisible e-con e-parent\" data-id=\"bef6434\" data-element_type=\"container\" data-e-type=\"container\" data-settings=\"{&quot;animation&quot;:&quot;fadeIn&quot;,&quot;background_background&quot;:&quot;classic&quot;}\">\n\t\t<div class=\"elementor-element elementor-element-bd6fdea e-con-full e-flex e-con e-child\" data-id=\"bd6fdea\" data-element_type=\"container\" data-e-type=\"container\">\n\t\t\t\t<div class=\"elementor-element elementor-element-1f71fbe elementor-widget elementor-widget-heading\" data-id=\"1f71fbe\" data-element_type=\"widget\" data-e-type=\"widget\" data-widget_type=\"heading.default\">\n\t\t\t\t\t<h1 class=\"elementor-heading-title elementor-size-default\">OnlyHealth propuls\u00e9 par Suisscourtage Assurances Monaco<\/h1>\t\t\t\t<\/div>\n\t\t\t\t<\/div>\n\t\t<div class=\"elementor-element elementor-element-a980def e-con-full e-flex e-con e-child\" data-id=\"a980def\" data-element_type=\"container\" data-e-type=\"container\">\n\t\t<div class=\"elementor-element elementor-element-a19f255 e-con-full e-flex e-con e-child\" data-id=\"a19f255\" data-element_type=\"container\" data-e-type=\"container\" data-settings=\"{&quot;background_background&quot;:&quot;classic&quot;}\">\n\t\t<div class=\"elementor-element elementor-element-528e28b e-con-full e-flex e-con e-child\" data-id=\"528e28b\" data-element_type=\"container\" data-e-type=\"container\">\n\t\t\t\t<div class=\"elementor-element elementor-element-620ac12 elementor-widget elementor-widget-heading\" data-id=\"620ac12\" data-element_type=\"widget\" data-e-type=\"widget\" data-widget_type=\"heading.default\">\n\t\t\t\t\t<h2 class=\"elementor-heading-title elementor-size-default\">Qui sommes-nous ?<\/h2>\t\t\t\t<\/div>\n\t\t\t\t<div class=\"elementor-element elementor-element-4b2e38f elementor-widget elementor-widget-text-editor\" data-id=\"4b2e38f\" data-element_type=\"widget\" data-e-type=\"widget\" data-widget_type=\"text-editor.default\">\n\t\t\t\t\t\t\t\t\t<p data-start=\"348\" data-end=\"520\">Nous sommes <strong>Suisscourtage Assurances<\/strong>, un <strong>cabinet de courtage \u00e9tabli fond\u00e9 en 1988<\/strong> et largement reconnu en <strong>Principaut\u00e9 de Monaco<\/strong> et en <strong>France<\/strong> pour nos <strong>standards de service haut de gamme<\/strong>.<\/p><p data-start=\"348\" data-end=\"520\"><strong>Nous accompagnons une client\u00e8le internationale prestigieuse<\/strong>, en lui offrant un acc\u00e8s \u00e0 des solutions d&rsquo;assurance et de couverture sant\u00e9 raffin\u00e9es et sur mesure, con\u00e7ues pour <strong>r\u00e9pondre aux attentes les plus \u00e9lev\u00e9es \u00e0 l&rsquo;\u00e9chelle mondiale<\/strong>.<\/p>\t\t\t\t\t\t\t\t<\/div>\n\t\t\t\t<\/div>\n\t\t\t\t<\/div>\n\t\t<div class=\"elementor-element elementor-element-80b3035 e-con-full e-flex e-con e-child\" data-id=\"80b3035\" data-element_type=\"container\" data-e-type=\"container\" data-settings=\"{&quot;background_background&quot;:&quot;classic&quot;}\">\n\t\t<div class=\"elementor-element elementor-element-1ac38ba e-con-full e-flex e-con e-child\" data-id=\"1ac38ba\" data-element_type=\"container\" data-e-type=\"container\" data-settings=\"{&quot;background_background&quot;:&quot;classic&quot;}\">\n\t\t<div class=\"elementor-element elementor-element-d8af7c8 e-con-full e-flex e-con e-child\" data-id=\"d8af7c8\" data-element_type=\"container\" data-e-type=\"container\">\n\t\t<div class=\"elementor-element elementor-element-a4995cc e-con-full e-flex e-con e-child\" data-id=\"a4995cc\" data-element_type=\"container\" data-e-type=\"container\" data-settings=\"{&quot;background_background&quot;:&quot;classic&quot;}\">\n\t\t\t\t<div class=\"elementor-element elementor-element-0519bd3 elementor-widget elementor-widget-text-editor\" data-id=\"0519bd3\" data-element_type=\"widget\" data-e-type=\"widget\" data-widget_type=\"text-editor.default\">\n\t\t\t\t\t\t\t\t\t<p data-start=\"798\" data-end=\"1135\"><strong>OnlyHealth est cr\u00e9\u00e9 et op\u00e9r\u00e9 par Suisscourtage Assurances<\/strong>, un groupe de conseil en assurance de confiance \u00e9tabli en 1988 et dont le si\u00e8ge est \u00e0 Monaco.<\/p><p data-start=\"798\" data-end=\"1135\">Depuis plus de trois d\u00e9cennies, Suisscourtage a b\u00e2ti une r\u00e9putation d&rsquo;excellence, de discr\u00e9tion et de fiabilit\u00e9, au service de clients priv\u00e9s, d&rsquo;entrepreneurs, de familles internationales et d&rsquo;institutions de premier plan.<\/p><p data-start=\"1137\" data-end=\"1510\">Avec des \u00e9quipes sp\u00e9cialis\u00e9es dans l&rsquo;assurance priv\u00e9e, les solutions d&rsquo;entreprise, la construction, la gestion des sinistres et les services de conciergerie, <strong>Suisscourtage Assurances apporte \u00e0 OnlyHealth les m\u00eames standards \u00e9lev\u00e9s qui ont forg\u00e9 sa r\u00e9putation depuis sa fondation<\/strong>.<\/p><p data-start=\"1137\" data-end=\"1510\">La longue histoire de la marque assure stabilit\u00e9, relations solides avec les assureurs et un niveau de confiance reconnu en Europe et au-del\u00e0.<\/p>\t\t\t\t\t\t\t\t<\/div>\n\t\t\t\t<div class=\"elementor-element elementor-element-42bbd9a elementor-widget elementor-widget-text-editor\" data-id=\"42bbd9a\" data-element_type=\"widget\" data-e-type=\"widget\" data-widget_type=\"text-editor.default\">\n\t\t\t\t\t\t\t\t\t<p>Notre mission est simple : des choix clairs, des conseils fiables et une protection premium o\u00f9 que vous viviez.<\/p>\t\t\t\t\t\t\t\t<\/div>\n\t\t\t\t<\/div>\n\t\t\t\t<\/div>\n\t\t\t\t<\/div>\n\t\t\t\t<div class=\"elementor-element elementor-element-89a0f5e elementor-mobile-align-center elementor-widget elementor-widget-button\" data-id=\"89a0f5e\" data-element_type=\"widget\" data-e-type=\"widget\" data-widget_type=\"button.default\">\n\t\t\t\t\t\t\t\t\t\t<a class=\"elementor-button elementor-button-link elementor-size-sm\" href=\"https:\/\/onlyhealth-insurance.com\/fr\/devis\/\">\n\t\t\t\t\t\t<span class=\"elementor-button-content-wrapper\">\n\t\t\t\t\t\t<span class=\"elementor-button-icon\">\n\t\t\t\t<svg aria-hidden=\"true\" class=\"e-font-icon-svg e-fas-arrow-right\" viewBox=\"0 0 448 512\" xmlns=\"http:\/\/www.w3.org\/2000\/svg\"><path d=\"M190.5 66.9l22.2-22.2c9.4-9.4 24.6-9.4 33.9 0L441 239c9.4 9.4 9.4 24.6 0 33.9L246.6 467.3c-9.4 9.4-24.6 9.4-33.9 0l-22.2-22.2c-9.5-9.5-9.3-25 .4-34.3L311.4 296H24c-13.3 0-24-10.7-24-24v-32c0-13.3 10.7-24 24-24h287.4L190.9 101.2c-9.8-9.3-10-24.8-.4-34.3z\"><\/path><\/svg>\t\t\t<\/span>\n\t\t\t\t\t\t\t\t\t<span class=\"elementor-button-text\">Obtenez votre devis personnalis\u00e9 maintenant<\/span>\n\t\t\t\t\t<\/span>\n\t\t\t\t\t<\/a>\n\t\t\t\t\t\t\t\t<\/div>\n\t\t\t\t<\/div>\n\t\t\t\t<\/div>\n\t\t\t\t<\/div>\n\t\t<div class=\"elementor-element elementor-element-e8c5315 e-flex e-con-boxed elementor-invisible e-con e-parent\" data-id=\"e8c5315\" data-element_type=\"container\" data-e-type=\"container\" data-settings=\"{&quot;animation&quot;:&quot;fadeInUp&quot;}\">\n\t\t\t\t\t<div class=\"e-con-inner\">\n\t\t<div class=\"elementor-element elementor-element-e03a6df e-con-full e-flex elementor-invisible e-con e-child\" data-id=\"e03a6df\" data-element_type=\"container\" data-e-type=\"container\" data-settings=\"{&quot;animation&quot;:&quot;fadeInUp&quot;}\">\n\t\t<div class=\"elementor-element elementor-element-73efe3b e-con-full e-flex e-con e-child\" data-id=\"73efe3b\" data-element_type=\"container\" data-e-type=\"container\" data-settings=\"{&quot;background_background&quot;:&quot;classic&quot;}\">\n\t\t\t\t<div class=\"elementor-element elementor-element-0345a81 elementor-widget elementor-widget-heading\" data-id=\"0345a81\" data-element_type=\"widget\" data-e-type=\"widget\" data-widget_type=\"heading.default\">\n\t\t\t\t\t<h2 class=\"elementor-heading-title elementor-size-default\">Notre vision<\/h2>\t\t\t\t<\/div>\n\t\t\t\t<div class=\"elementor-element elementor-element-a52645a elementor-widget__width-initial elementor-hidden-mobile elementor-widget-divider--view-line elementor-widget elementor-widget-divider\" data-id=\"a52645a\" data-element_type=\"widget\" data-e-type=\"widget\" data-widget_type=\"divider.default\">\n\t\t\t\t\t\t\t<div class=\"elementor-divider\">\n\t\t\t<span class=\"elementor-divider-separator\">\n\t\t\t\t\t\t<\/span>\n\t\t<\/div>\n\t\t\t\t\t\t<\/div>\n\t\t\t\t<\/div>\n\t\t<div class=\"elementor-element elementor-element-7bc50cd e-con-full e-flex e-con e-child\" data-id=\"7bc50cd\" data-element_type=\"container\" data-e-type=\"container\">\n\t\t<div class=\"elementor-element elementor-element-2b95bd6 e-con-full e-flex e-con e-child\" data-id=\"2b95bd6\" data-element_type=\"container\" data-e-type=\"container\" data-settings=\"{&quot;background_background&quot;:&quot;classic&quot;}\">\n\t\t\t\t<\/div>\n\t\t<div class=\"elementor-element elementor-element-39b5b3e e-con-full e-flex e-con e-child\" data-id=\"39b5b3e\" data-element_type=\"container\" data-e-type=\"container\">\n\t\t\t\t<div class=\"elementor-element elementor-element-91c13ec elementor-widget elementor-widget-text-editor\" data-id=\"91c13ec\" data-element_type=\"widget\" data-e-type=\"widget\" data-widget_type=\"text-editor.default\">\n\t\t\t\t\t\t\t\t\t<p>Nous pensons que le choix d&rsquo;une assurance sant\u00e9 internationale <strong>doit \u00eatre simple, transparent et adapt\u00e9 aux modes de vie mondiaux modernes<\/strong>. <\/p><p>Que vous viviez \u00e0 Monaco, que vous vous d\u00e9placiez entre les continents ou que vous meniez une vie professionnelle mobile, <strong>OnlyHealth garantit que votre couverture vous suit avec coh\u00e9rence et s\u00e9curit\u00e9<\/strong>.<\/p>\t\t\t\t\t\t\t\t<\/div>\n\t\t\t\t<\/div>\n\t\t\t\t<\/div>\n\t\t\t\t<\/div>\n\t\t<div class=\"elementor-element elementor-element-74ba112 e-con-full e-flex e-con e-child\" data-id=\"74ba112\" data-element_type=\"container\" data-e-type=\"container\">\n\t\t<div class=\"elementor-element elementor-element-f3ab22b e-con-full e-flex e-con e-child\" data-id=\"f3ab22b\" data-element_type=\"container\" data-e-type=\"container\">\n\t\t<div class=\"elementor-element elementor-element-11ef96d e-con-full e-flex e-con e-child\" data-id=\"11ef96d\" data-element_type=\"container\" data-e-type=\"container\" data-settings=\"{&quot;background_background&quot;:&quot;classic&quot;}\">\n\t\t\t\t<div class=\"elementor-element elementor-element-9c8ace6 elementor-widget__width-initial elementor-widget-mobile__width-initial elementor-widget elementor-widget-heading\" data-id=\"9c8ace6\" data-element_type=\"widget\" data-e-type=\"widget\" data-widget_type=\"heading.default\">\n\t\t\t\t\t<h2 class=\"elementor-heading-title elementor-size-default\">Notre approche<\/h2>\t\t\t\t<\/div>\n\t\t\t\t<div class=\"elementor-element elementor-element-78c493e elementor-widget__width-initial elementor-hidden-mobile elementor-widget-divider--view-line elementor-widget elementor-widget-divider\" data-id=\"78c493e\" data-element_type=\"widget\" data-e-type=\"widget\" data-widget_type=\"divider.default\">\n\t\t\t\t\t\t\t<div class=\"elementor-divider\">\n\t\t\t<span class=\"elementor-divider-separator\">\n\t\t\t\t\t\t<\/span>\n\t\t<\/div>\n\t\t\t\t\t\t<\/div>\n\t\t\t\t<\/div>\n\t\t\t\t<div class=\"elementor-element elementor-element-409cecd elementor-widget__width-initial elementor-widget-mobile__width-inherit elementor-widget elementor-widget-text-editor\" data-id=\"409cecd\" data-element_type=\"widget\" data-e-type=\"widget\" data-widget_type=\"text-editor.default\">\n\t\t\t\t\t\t\t\t\t<ul><li><strong>Expertise internationale<\/strong> soutenue par un groupe d&rsquo;assurance de longue date<\/li><li><strong>Conseils personnalis\u00e9s<\/strong> pour les clients priv\u00e9s, les expatri\u00e9s, les familles, les travailleurs, les retrait\u00e9s, les VIP et les athl\u00e8tes<\/li><li>Acc\u00e8s \u00e0 des <strong>assureurs mondiaux premium<\/strong> et \u00e0 des <strong>r\u00e9seaux m\u00e9dicaux r\u00e9put\u00e9s<\/strong><\/li><li><strong>Outils clairs et structur\u00e9s pour comparer et choisir<\/strong> le bon niveau de protection<\/li><li><strong>Assistance d\u00e9di\u00e9e<\/strong> avant, pendant et apr\u00e8s la souscription<\/li><\/ul>\t\t\t\t\t\t\t\t<\/div>\n\t\t\t\t<\/div>\n\t\t<div class=\"elementor-element elementor-element-df744fa e-con-full e-flex e-con e-child\" data-id=\"df744fa\" data-element_type=\"container\" data-e-type=\"container\" data-settings=\"{&quot;background_background&quot;:&quot;classic&quot;}\">\n\t\t\t\t<\/div>\n\t\t\t\t<\/div>\n\t\t<div class=\"elementor-element elementor-element-6937ac6 e-con-full e-flex e-con e-child\" data-id=\"6937ac6\" data-element_type=\"container\" data-e-type=\"container\" data-settings=\"{&quot;background_background&quot;:&quot;classic&quot;}\">\n\t\t\t\t<div class=\"elementor-element elementor-element-f2bcc2e elementor-widget elementor-widget-heading\" data-id=\"f2bcc2e\" data-element_type=\"widget\" data-e-type=\"widget\" data-widget_type=\"heading.default\">\n\t\t\t\t\t<h2 class=\"elementor-heading-title elementor-size-default\">Un partenaire de confiance pour votre protection sant\u00e9 mondiale<\/h2>\t\t\t\t<\/div>\n\t\t\t\t<div class=\"elementor-element elementor-element-f6ae5ad elementor-widget__width-initial elementor-hidden-mobile elementor-widget-divider--view-line elementor-widget elementor-widget-divider\" data-id=\"f6ae5ad\" data-element_type=\"widget\" data-e-type=\"widget\" data-widget_type=\"divider.default\">\n\t\t\t\t\t\t\t<div class=\"elementor-divider\">\n\t\t\t<span class=\"elementor-divider-separator\">\n\t\t\t\t\t\t<\/span>\n\t\t<\/div>\n\t\t\t\t\t\t<\/div>\n\t\t\t\t<\/div>\n\t\t<div class=\"elementor-element elementor-element-e12275c e-con-full e-flex e-con e-child\" data-id=\"e12275c\" data-element_type=\"container\" data-e-type=\"container\">\n\t\t<div class=\"elementor-element elementor-element-c4f3c7a e-con-full e-flex e-con e-child\" data-id=\"c4f3c7a\" data-element_type=\"container\" data-e-type=\"container\" data-settings=\"{&quot;background_background&quot;:&quot;classic&quot;}\">\n\t\t\t\t<\/div>\n\t\t<div class=\"elementor-element elementor-element-ee3eb99 e-con-full e-flex e-con e-child\" data-id=\"ee3eb99\" data-element_type=\"container\" data-e-type=\"container\">\n\t\t\t\t<div class=\"elementor-element elementor-element-b3d19d3 elementor-widget elementor-widget-text-editor\" data-id=\"b3d19d3\" data-element_type=\"widget\" data-e-type=\"widget\" data-widget_type=\"text-editor.default\">\n\t\t\t\t\t\t\t\t\t<p class=\"p1\">OnlyHealth combine l&rsquo;agilit\u00e9 d&rsquo;une plateforme num\u00e9rique moderne avec la force d&rsquo;un groupe d&rsquo;assurance historique.<\/p><p class=\"p1\">En choisissant OnlyHealth, <b>vous b\u00e9n\u00e9ficiez de la cr\u00e9dibilit\u00e9, de l&rsquo;exp\u00e9rience et de la stabilit\u00e9 financi\u00e8re de Suisscourtage Assurances<\/b>, tout en profitant d&rsquo;un service sp\u00e9cialis\u00e9 con\u00e7u pour la vie internationale d&rsquo;aujourd&rsquo;hui.<\/p>\t\t\t\t\t\t\t\t<\/div>\n\t\t\t\t<div class=\"elementor-element elementor-element-7ea67b1 elementor-widget elementor-widget-spacer\" data-id=\"7ea67b1\" data-element_type=\"widget\" data-e-type=\"widget\" data-widget_type=\"spacer.default\">\n\t\t\t\t\t\t\t<div class=\"elementor-spacer\">\n\t\t\t<div class=\"elementor-spacer-inner\"><\/div>\n\t\t<\/div>\n\t\t\t\t\t\t<\/div>\n\t\t\t\t<div class=\"elementor-element elementor-element-30d4b41 elementor-mobile-align-center elementor-widget elementor-widget-button\" data-id=\"30d4b41\" data-element_type=\"widget\" data-e-type=\"widget\" data-widget_type=\"button.default\">\n\t\t\t\t\t\t\t\t\t\t<a class=\"elementor-button elementor-button-link elementor-size-sm\" href=\"https:\/\/onlyhealth-insurance.com\/fr\/devis\/\">\n\t\t\t\t\t\t<span class=\"elementor-button-content-wrapper\">\n\t\t\t\t\t\t<span class=\"elementor-button-icon\">\n\t\t\t\t<svg aria-hidden=\"true\" class=\"e-font-icon-svg e-fas-arrow-right\" viewBox=\"0 0 448 512\" xmlns=\"http:\/\/www.w3.org\/2000\/svg\"><path d=\"M190.5 66.9l22.2-22.2c9.4-9.4 24.6-9.4 33.9 0L441 239c9.4 9.4 9.4 24.6 0 33.9L246.6 467.3c-9.4 9.4-24.6 9.4-33.9 0l-22.2-22.2c-9.5-9.5-9.3-25 .4-34.3L311.4 296H24c-13.3 0-24-10.7-24-24v-32c0-13.3 10.7-24 24-24h287.4L190.9 101.2c-9.8-9.3-10-24.8-.4-34.3z\"><\/path><\/svg>\t\t\t<\/span>\n\t\t\t\t\t\t\t\t\t<span class=\"elementor-button-text\">Obtenez votre devis personnalis\u00e9 maintenant<\/span>\n\t\t\t\t\t<\/span>\n\t\t\t\t\t<\/a>\n\t\t\t\t\t\t\t\t<\/div>\n\t\t\t\t<\/div>\n\t\t\t\t<\/div>\n\t\t\t\t\t<\/div>\n\t\t\t\t<\/div>\n\t\t\t\t<\/div>\n\t\t","protected":false},"excerpt":{"rendered":"<p>OnlyHealth propuls\u00e9 par Suisscourtage Assurances Monaco Qui sommes-nous ? Nous sommes Suisscourtage Assurances, un cabinet de courtage \u00e9tabli fond\u00e9 en 1988 et largement reconnu en Principaut\u00e9 de Monaco et en France pour nos standards de service haut de gamme. Nous accompagnons une client\u00e8le internationale prestigieuse, en lui offrant un acc\u00e8s \u00e0 des solutions d&rsquo;assurance et [&hellip;]<\/p>\n","protected":false},"author":2,"featured_media":0,"parent":0,"menu_order":0,"comment_status":"closed","ping_status":"closed","template":"","meta":{"footnotes":""},"class_list":["post-7800","page","type-page","status-publish","hentry"],"yoast_head":"<!-- This site is optimized with the Yoast SEO plugin v27.5 - https:\/\/yoast.com\/product\/yoast-seo-wordpress\/ -->\n<title>OnlyHealth, assurance sant\u00e9 internationale par Suisscourtage<\/title>\n<meta name=\"description\" content=\"OnlyHealth est un service d&#039;assurance sant\u00e9 mondiale premium propuls\u00e9 par Suisscourtage, une r\u00e9f\u00e9rence de confiance depuis 1988. En savoir plus d\u00e8s aujourd&#039;hui.\" \/>\n<meta name=\"robots\" content=\"index, follow, max-snippet:-1, max-image-preview:large, max-video-preview:-1\" \/>\n<link rel=\"canonical\" href=\"https:\/\/onlyhealth-insurance.com\/fr\/onlyhealth-propulse-par-suisscourtage\/\" \/>\n<meta property=\"og:locale\" content=\"fr_FR\" \/>\n<meta property=\"og:type\" content=\"article\" \/>\n<meta property=\"og:title\" content=\"OnlyHealth, assurance sant\u00e9 internationale par Suisscourtage\" \/>\n<meta property=\"og:description\" content=\"OnlyHealth est un service d&#039;assurance sant\u00e9 mondiale premium propuls\u00e9 par Suisscourtage, une r\u00e9f\u00e9rence de confiance depuis 1988. En savoir plus d\u00e8s aujourd&#039;hui.\" \/>\n<meta property=\"og:url\" content=\"https:\/\/onlyhealth-insurance.com\/fr\/onlyhealth-propulse-par-suisscourtage\/\" \/>\n<meta property=\"og:site_name\" content=\"onlyhealth-insurance.com\" \/>\n<meta property=\"article:modified_time\" content=\"2026-05-05T14:19:03+00:00\" \/>\n<meta name=\"twitter:card\" content=\"summary_large_image\" \/>\n<meta name=\"twitter:label1\" content=\"Dur\u00e9e de lecture estim\u00e9e\" \/>\n\t<meta name=\"twitter:data1\" content=\"2 minutes\" \/>\n<script type=\"application\/ld+json\" class=\"yoast-schema-graph\">{\"@context\":\"https:\\\/\\\/schema.org\",\"@graph\":[{\"@type\":\"WebPage\",\"@id\":\"https:\\\/\\\/onlyhealth-insurance.com\\\/fr\\\/onlyhealth-propulse-par-suisscourtage\\\/\",\"url\":\"https:\\\/\\\/onlyhealth-insurance.com\\\/fr\\\/onlyhealth-propulse-par-suisscourtage\\\/\",\"name\":\"OnlyHealth, assurance sant\u00e9 internationale par Suisscourtage\",\"isPartOf\":{\"@id\":\"https:\\\/\\\/onlyhealth-insurance.com\\\/fr\\\/#website\"},\"datePublished\":\"2025-12-02T07:52:42+00:00\",\"dateModified\":\"2026-05-05T14:19:03+00:00\",\"description\":\"OnlyHealth est un service d'assurance sant\u00e9 mondiale premium propuls\u00e9 par Suisscourtage, une r\u00e9f\u00e9rence de confiance depuis 1988. En savoir plus d\u00e8s aujourd'hui.\",\"breadcrumb\":{\"@id\":\"https:\\\/\\\/onlyhealth-insurance.com\\\/fr\\\/onlyhealth-propulse-par-suisscourtage\\\/#breadcrumb\"},\"inLanguage\":\"fr-FR\",\"potentialAction\":[{\"@type\":\"ReadAction\",\"target\":[\"https:\\\/\\\/onlyhealth-insurance.com\\\/fr\\\/onlyhealth-propulse-par-suisscourtage\\\/\"]}]},{\"@type\":\"BreadcrumbList\",\"@id\":\"https:\\\/\\\/onlyhealth-insurance.com\\\/fr\\\/onlyhealth-propulse-par-suisscourtage\\\/#breadcrumb\",\"itemListElement\":[{\"@type\":\"ListItem\",\"position\":1,\"name\":\"Accueil\",\"item\":\"https:\\\/\\\/onlyhealth-insurance.com\\\/fr\\\/accueil\\\/\"},{\"@type\":\"ListItem\",\"position\":2,\"name\":\"OnlyHealth propuls\u00e9 par Suisscourtage\"}]},{\"@type\":\"WebSite\",\"@id\":\"https:\\\/\\\/onlyhealth-insurance.com\\\/fr\\\/#website\",\"url\":\"https:\\\/\\\/onlyhealth-insurance.com\\\/fr\\\/\",\"name\":\"Only Health\",\"description\":\"\",\"publisher\":{\"@id\":\"https:\\\/\\\/onlyhealth-insurance.com\\\/fr\\\/#organization\"},\"potentialAction\":[{\"@type\":\"SearchAction\",\"target\":{\"@type\":\"EntryPoint\",\"urlTemplate\":\"https:\\\/\\\/onlyhealth-insurance.com\\\/fr\\\/?s={search_term_string}\"},\"query-input\":{\"@type\":\"PropertyValueSpecification\",\"valueRequired\":true,\"valueName\":\"search_term_string\"}}],\"inLanguage\":\"fr-FR\"},{\"@type\":\"Organization\",\"@id\":\"https:\\\/\\\/onlyhealth-insurance.com\\\/fr\\\/#organization\",\"name\":\"Only Health\",\"url\":\"https:\\\/\\\/onlyhealth-insurance.com\\\/fr\\\/\",\"logo\":{\"@type\":\"ImageObject\",\"inLanguage\":\"fr-FR\",\"@id\":\"https:\\\/\\\/onlyhealth-insurance.com\\\/fr\\\/#\\\/schema\\\/logo\\\/image\\\/\",\"url\":\"https:\\\/\\\/onlyhealth-insurance.com\\\/wp-content\\\/uploads\\\/2025\\\/10\\\/cropped-ONLYHEALTH_logo_white-1.png\",\"contentUrl\":\"https:\\\/\\\/onlyhealth-insurance.com\\\/wp-content\\\/uploads\\\/2025\\\/10\\\/cropped-ONLYHEALTH_logo_white-1.png\",\"width\":73,\"height\":68,\"caption\":\"Only Health\"},\"image\":{\"@id\":\"https:\\\/\\\/onlyhealth-insurance.com\\\/fr\\\/#\\\/schema\\\/logo\\\/image\\\/\"}}]}<\/script>\n<!-- \/ Yoast SEO plugin. -->","yoast_head_json":{"title":"OnlyHealth, assurance sant\u00e9 internationale par Suisscourtage","description":"OnlyHealth est un service d'assurance sant\u00e9 mondiale premium propuls\u00e9 par Suisscourtage, une r\u00e9f\u00e9rence de confiance depuis 1988. En savoir plus d\u00e8s aujourd'hui.","robots":{"index":"index","follow":"follow","max-snippet":"max-snippet:-1","max-image-preview":"max-image-preview:large","max-video-preview":"max-video-preview:-1"},"canonical":"https:\/\/onlyhealth-insurance.com\/fr\/onlyhealth-propulse-par-suisscourtage\/","og_locale":"fr_FR","og_type":"article","og_title":"OnlyHealth, assurance sant\u00e9 internationale par Suisscourtage","og_description":"OnlyHealth est un service d'assurance sant\u00e9 mondiale premium propuls\u00e9 par Suisscourtage, une r\u00e9f\u00e9rence de confiance depuis 1988. En savoir plus d\u00e8s aujourd'hui.","og_url":"https:\/\/onlyhealth-insurance.com\/fr\/onlyhealth-propulse-par-suisscourtage\/","og_site_name":"onlyhealth-insurance.com","article_modified_time":"2026-05-05T14:19:03+00:00","twitter_card":"summary_large_image","twitter_misc":{"Dur\u00e9e de lecture estim\u00e9e":"2 minutes"},"schema":{"@context":"https:\/\/schema.org","@graph":[{"@type":"WebPage","@id":"https:\/\/onlyhealth-insurance.com\/fr\/onlyhealth-propulse-par-suisscourtage\/","url":"https:\/\/onlyhealth-insurance.com\/fr\/onlyhealth-propulse-par-suisscourtage\/","name":"OnlyHealth, assurance sant\u00e9 internationale par Suisscourtage","isPartOf":{"@id":"https:\/\/onlyhealth-insurance.com\/fr\/#website"},"datePublished":"2025-12-02T07:52:42+00:00","dateModified":"2026-05-05T14:19:03+00:00","description":"OnlyHealth est un service d'assurance sant\u00e9 mondiale premium propuls\u00e9 par Suisscourtage, une r\u00e9f\u00e9rence de confiance depuis 1988. En savoir plus d\u00e8s aujourd'hui.","breadcrumb":{"@id":"https:\/\/onlyhealth-insurance.com\/fr\/onlyhealth-propulse-par-suisscourtage\/#breadcrumb"},"inLanguage":"fr-FR","potentialAction":[{"@type":"ReadAction","target":["https:\/\/onlyhealth-insurance.com\/fr\/onlyhealth-propulse-par-suisscourtage\/"]}]},{"@type":"BreadcrumbList","@id":"https:\/\/onlyhealth-insurance.com\/fr\/onlyhealth-propulse-par-suisscourtage\/#breadcrumb","itemListElement":[{"@type":"ListItem","position":1,"name":"Accueil","item":"https:\/\/onlyhealth-insurance.com\/fr\/accueil\/"},{"@type":"ListItem","position":2,"name":"OnlyHealth propuls\u00e9 par Suisscourtage"}]},{"@type":"WebSite","@id":"https:\/\/onlyhealth-insurance.com\/fr\/#website","url":"https:\/\/onlyhealth-insurance.com\/fr\/","name":"Only Health","description":"","publisher":{"@id":"https:\/\/onlyhealth-insurance.com\/fr\/#organization"},"potentialAction":[{"@type":"SearchAction","target":{"@type":"EntryPoint","urlTemplate":"https:\/\/onlyhealth-insurance.com\/fr\/?s={search_term_string}"},"query-input":{"@type":"PropertyValueSpecification","valueRequired":true,"valueName":"search_term_string"}}],"inLanguage":"fr-FR"},{"@type":"Organization","@id":"https:\/\/onlyhealth-insurance.com\/fr\/#organization","name":"Only Health","url":"https:\/\/onlyhealth-insurance.com\/fr\/","logo":{"@type":"ImageObject","inLanguage":"fr-FR","@id":"https:\/\/onlyhealth-insurance.com\/fr\/#\/schema\/logo\/image\/","url":"https:\/\/onlyhealth-insurance.com\/wp-content\/uploads\/2025\/10\/cropped-ONLYHEALTH_logo_white-1.png","contentUrl":"https:\/\/onlyhealth-insurance.com\/wp-content\/uploads\/2025\/10\/cropped-ONLYHEALTH_logo_white-1.png","width":73,"height":68,"caption":"Only Health"},"image":{"@id":"https:\/\/onlyhealth-insurance.com\/fr\/#\/schema\/logo\/image\/"}}]}},"_links":{"self":[{"href":"https:\/\/onlyhealth-insurance.com\/fr\/wp-json\/wp\/v2\/pages\/7800","targetHints":{"allow":["GET"]}}],"collection":[{"href":"https:\/\/onlyhealth-insurance.com\/fr\/wp-json\/wp\/v2\/pages"}],"about":[{"href":"https:\/\/onlyhealth-insurance.com\/fr\/wp-json\/wp\/v2\/types\/page"}],"author":[{"embeddable":true,"href":"https:\/\/onlyhealth-insurance.com\/fr\/wp-json\/wp\/v2\/users\/2"}],"replies":[{"embeddable":true,"href":"https:\/\/onlyhealth-insurance.com\/fr\/wp-json\/wp\/v2\/comments?post=7800"}],"version-history":[{"count":5,"href":"https:\/\/onlyhealth-insurance.com\/fr\/wp-json\/wp\/v2\/pages\/7800\/revisions"}],"predecessor-version":[{"id":8666,"href":"https:\/\/onlyhealth-insurance.com\/fr\/wp-json\/wp\/v2\/pages\/7800\/revisions\/8666"}],"wp:attachment":[{"href":"https:\/\/onlyhealth-insurance.com\/fr\/wp-json\/wp\/v2\/media?parent=7800"}],"curies":[{"name":"wp","href":"https:\/\/api.w.org\/{rel}","templated":true}]}}